{"id":5550,"date":"2026-03-27T22:57:31","date_gmt":"2026-03-27T22:57:31","guid":{"rendered":"https:\/\/spn.pe\/cursonefroperu\/?page_id=5550"},"modified":"2026-04-01T21:58:19","modified_gmt":"2026-04-01T21:58:19","slug":"tdi-resumenes","status":"publish","type":"page","link":"https:\/\/spn.pe\/cursonefroperu\/index.php\/tdi-resumenes\/","title":{"rendered":"TDI-Resumenes"},"content":{"rendered":"\t\t<div data-elementor-type=\"wp-page\" data-elementor-id=\"5550\" class=\"elementor elementor-5550\" data-elementor-settings=\"[]\">\n\t\t\t\t\t\t\t<div class=\"elementor-section-wrap\">\n\t\t\t\t\t\t\t<section data-plugin-parallax=\"\" data-plugin-options=\"{&quot;speed&quot;: 1.5}\" class=\"elementor-section elementor-top-section elementor-element elementor-element-1d83ced elementor-section-full_width elementor-section-height-default elementor-section-height-default\" data-id=\"1d83ced\" data-element_type=\"section\" data-settings=\"{&quot;background_background&quot;:&quot;classic&quot;}\">\r\n\t\t\t\r\n\t\t\t\t\t\t\t\t\t<div class=\"elementor-container elementor-column-gap-no\">\r\n\t\t\t\t\t\t\t\t\t\t\t<div class=\"elementor-column elementor-col-100 elementor-top-column elementor-element elementor-element-cbe2cb9\" data-id=\"cbe2cb9\" data-element_type=\"column\">\r\n\r\n\t\t\t\t\t<div class=\"elementor-widget-wrap elementor-element-populated\">\r\n\t\t\t\t\t\t\t\t<div class=\"elementor-element elementor-element-6dc58df elementor-invisible elementor-widget elementor-widget-heading\" data-id=\"6dc58df\" data-element_type=\"widget\" data-settings=\"{&quot;_animation&quot;:&quot;fadeIn&quot;}\" data-widget_type=\"heading.default\">\n\t\t\t\t<div class=\"elementor-widget-container\">\n\t\t\t<h2 class=\"elementor-heading-title elementor-size-default\">TRABAJOS DE INVESTIGACI\u00d3N<\/h2>\t\t<\/div>\n\t\t\t\t<\/div>\n\t\t\t\t\t<\/div>\r\n\t\t\t\t<\/div>\r\n\t\t\t\t\t\t<\/div>\r\n\t\t\t\t<\/section>\r\n\t\t\t\t<section class=\"elementor-section elementor-top-section elementor-element elementor-element-5fe871e pt-5 elementor-section-boxed elementor-section-height-default elementor-section-height-default\" data-id=\"5fe871e\" data-element_type=\"section\">\r\n\t\t\t\r\n\t\t\t\t\t\t\t\t\t<div class=\"elementor-container elementor-column-gap-default\">\r\n\t\t\t\t\t\t\t\t\t\t\t<div class=\"elementor-column elementor-col-100 elementor-top-column elementor-element elementor-element-373f3a2\" data-id=\"373f3a2\" data-element_type=\"column\">\r\n\r\n\t\t\t\t\t<div class=\"elementor-widget-wrap elementor-element-populated\">\r\n\t\t\t\t\t\t\t\t<div class=\"elementor-element elementor-element-98a19fe elementor-invisible elementor-widget elementor-widget-porto_ultimate_heading\" data-id=\"98a19fe\" data-element_type=\"widget\" data-settings=\"{&quot;_animation&quot;:&quot;fadeInUp&quot;,&quot;_animation_delay&quot;:&quot;500&quot;}\" data-widget_type=\"porto_ultimate_heading.default\">\n\t\t\t\t<div class=\"elementor-widget-container\">\n\t\t\t<div class=\"porto-u-heading\" data-hspacer=\"no_spacer\" data-halign=\"center\" style=\"text-align:center\"><div class=\"porto-u-main-heading\"><h2    style=\"margin-bottom: 0px;\">COMUNICADOS Y NORMAS<\/h2><\/div><\/div>\t\t<\/div>\n\t\t\t\t<\/div>\n\t\t\t\t<div class=\"elementor-element elementor-element-16ed3b6 elementor-widget elementor-widget-spacer\" data-id=\"16ed3b6\" data-element_type=\"widget\" data-widget_type=\"spacer.default\">\n\t\t\t\t<div class=\"elementor-widget-container\">\n\t\t\t\t\t<div class=\"elementor-spacer\">\n\t\t\t<div class=\"elementor-spacer-inner\"><\/div>\n\t\t<\/div>\n\t\t\t\t<\/div>\n\t\t\t\t<\/div>\n\t\t\t\t<div class=\"elementor-element elementor-element-b578b4e elementor-tabs-view-horizontal elementor-widget elementor-widget-tabs\" data-id=\"b578b4e\" data-element_type=\"widget\" data-widget_type=\"tabs.default\">\n\t\t\t\t<div class=\"elementor-widget-container\">\n\t\t\t\t\t<div class=\"elementor-tabs\">\n\t\t\t<div class=\"elementor-tabs-wrapper\" role=\"tablist\" >\n\t\t\t\t\t\t\t\t\t<div id=\"elementor-tab-title-1901\" class=\"elementor-tab-title elementor-tab-desktop-title\" aria-selected=\"true\" data-tab=\"1\" role=\"tab\" tabindex=\"0\" aria-controls=\"elementor-tab-content-1901\" aria-expanded=\"false\">COMUNICADOS<\/div>\n\t\t\t\t\t\t\t\t\t<div id=\"elementor-tab-title-1902\" class=\"elementor-tab-title elementor-tab-desktop-title\" aria-selected=\"false\" data-tab=\"2\" role=\"tab\" tabindex=\"-1\" aria-controls=\"elementor-tab-content-1902\" aria-expanded=\"false\">NORMAS PARA ENVIO DE RESUMENES<\/div>\n\t\t\t\t\t\t\t<\/div>\n\t\t\t<div class=\"elementor-tabs-content-wrapper\" role=\"tablist\" aria-orientation=\"vertical\">\n\t\t\t\t\t\t\t\t\t<div class=\"elementor-tab-title elementor-tab-mobile-title\" aria-selected=\"true\" data-tab=\"1\" role=\"tab\" tabindex=\"0\" aria-controls=\"elementor-tab-content-1901\" aria-expanded=\"false\">COMUNICADOS<\/div>\n\t\t\t\t\t<div id=\"elementor-tab-content-1901\" class=\"elementor-tab-content elementor-clearfix\" data-tab=\"1\" role=\"tabpanel\" aria-labelledby=\"elementor-tab-title-1901\" tabindex=\"0\" hidden=\"false\"><div style=\"float: left; width: calc(50% - 5px); padding-right: 5px;\"><p>Te damos la Bienvenida<br \/>Participa con la presentaci\u00f3n de tu trabajo de investigaci\u00f3n.<br \/><br \/>Las sesiones de los posters tendr\u00e1n lugar el 25 de setiembre, de 08:00 a 16:00.<\/p><p><span style=\"font-weight: bold;\">Fecha Importantes:<br \/><\/span>Se abre el plazo de presentaci\u00f3n: <strong>10 de Abril 2026<\/strong><br \/>Fecha l\u00edmite de presentaci\u00f3n: <strong>10 de Agosto 2026<\/strong><br \/>Notificaci\u00f3n de aceptaci\u00f3n: <strong>07 de Setiembre 2026<\/strong><\/p><p>Condiciones de env\u00edo de res\u00famenes: Los autores que presenten trabajos deber\u00e1n estar inscritos en el congreso.<br \/><span style=\"font-size: 14px;\">Si el autor principal no puede asistir, un coautor podr\u00e1 presentar el res\u00famen en su lugar, siempre que est\u00e9 inscrito.<br \/>Los autores de los res\u00famenes aceptados ser\u00e1n notificados por correo electr\u00f3nico.<\/span><\/p><p>Comisi\u00f3n de Res\u00famenes.<\/p><\/div><div style=\"float: right; width: calc(50% - 5px);\"><img decoding=\"async\" src=\"https:\/\/spn.pe\/cursonefroperu\/wp-content\/uploads\/2026\/03\/congreso-xix.webp\" alt=\"Ejemplo\" \/><\/div><\/div>\n\t\t\t\t\t\t\t\t\t<div class=\"elementor-tab-title elementor-tab-mobile-title\" aria-selected=\"false\" data-tab=\"2\" role=\"tab\" tabindex=\"-1\" aria-controls=\"elementor-tab-content-1902\" aria-expanded=\"false\">NORMAS PARA ENVIO DE RESUMENES<\/div>\n\t\t\t\t\t<div id=\"elementor-tab-content-1902\" class=\"elementor-tab-content elementor-clearfix\" data-tab=\"2\" role=\"tabpanel\" aria-labelledby=\"elementor-tab-title-1902\" tabindex=\"0\" hidden=\"hidden\"><p><a href=\"https:\/\/spn.pe\/cursonefroperu\/wp-content\/uploads\/2026\/03\/norma-resumenes-2026.pdf\"><span style=\"color: #ff0000;\">[ DESCARGAR ]<\/span><\/a><\/p><\/div>\n\t\t\t\t\t\t\t<\/div>\n\t\t<\/div>\n\t\t\t\t<\/div>\n\t\t\t\t<\/div>\n\t\t\t\t\t<\/div>\r\n\t\t\t\t<\/div>\r\n\t\t\t\t\t\t<\/div>\r\n\t\t\t\t<\/section>\r\n\t\t\t\t<section class=\"elementor-section elementor-top-section elementor-element elementor-element-837d083 pt-5 p-b-xxl elementor-section-boxed elementor-section-height-default elementor-section-height-default\" data-id=\"837d083\" data-element_type=\"section\" data-settings=\"{&quot;background_background&quot;:&quot;classic&quot;}\">\r\n\t\t\t\r\n\t\t\t\t\t\t\t\t\t<div class=\"elementor-container elementor-column-gap-default\">\r\n\t\t\t\t\t\t\t\t\t\t\t<div class=\"elementor-column elementor-col-100 elementor-top-column elementor-element elementor-element-3684c79\" data-id=\"3684c79\" data-element_type=\"column\">\r\n\r\n\t\t\t\t\t<div class=\"elementor-widget-wrap\">\r\n\t\t\t\t\t\t\t\t\t<\/div>\r\n\t\t\t\t<\/div>\r\n\t\t\t\t\t\t<\/div>\r\n\t\t\t\t<\/section>\r\n\t\t\t\t\t\t<\/div>\n\t\t\t\t\t<\/div>\n\t\t","protected":false},"excerpt":{"rendered":"<p>TRABAJOS DE INVESTIGACI\u00d3N COMUNICADOS Y NORMAS COMUNICADOS NORMAS PARA ENVIO DE RESUMENES COMUNICADOS Te damos la BienvenidaParticipa con la presentaci\u00f3n de tu trabajo de investigaci\u00f3n. Las sesiones de los posters tendr\u00e1n lugar el 25 de setiembre, de 08:00 a 16:00. Fecha Importantes:Se abre el plazo de presentaci\u00f3n: 10 de Abril 2026Fecha l\u00edmite de presentaci\u00f3n: 10 [&hellip;]<\/p>\n","protected":false},"author":1,"featured_media":0,"parent":0,"menu_order":0,"comment_status":"closed","ping_status":"closed","template":"","meta":{"footnotes":""},"class_list":["post-5550","page","type-page","status-publish","hentry"],"_links":{"self":[{"href":"https:\/\/spn.pe\/cursonefroperu\/index.php\/wp-json\/wp\/v2\/pages\/5550","targetHints":{"allow":["GET"]}}],"collection":[{"href":"https:\/\/spn.pe\/cursonefroperu\/index.php\/wp-json\/wp\/v2\/pages"}],"about":[{"href":"https:\/\/spn.pe\/cursonefroperu\/index.php\/wp-json\/wp\/v2\/types\/page"}],"author":[{"embeddable":true,"href":"https:\/\/spn.pe\/cursonefroperu\/index.php\/wp-json\/wp\/v2\/users\/1"}],"replies":[{"embeddable":true,"href":"https:\/\/spn.pe\/cursonefroperu\/index.php\/wp-json\/wp\/v2\/comments?post=5550"}],"version-history":[{"count":22,"href":"https:\/\/spn.pe\/cursonefroperu\/index.php\/wp-json\/wp\/v2\/pages\/5550\/revisions"}],"predecessor-version":[{"id":6066,"href":"https:\/\/spn.pe\/cursonefroperu\/index.php\/wp-json\/wp\/v2\/pages\/5550\/revisions\/6066"}],"wp:attachment":[{"href":"https:\/\/spn.pe\/cursonefroperu\/index.php\/wp-json\/wp\/v2\/media?parent=5550"}],"curies":[{"name":"wp","href":"https:\/\/api.w.org\/{rel}","templated":true}]}}