{"id":4004,"date":"2021-08-29T05:30:23","date_gmt":"2021-08-29T05:30:23","guid":{"rendered":"https:\/\/spn.pe\/congreso\/?page_id=4004"},"modified":"2026-03-27T23:11:26","modified_gmt":"2026-03-27T23:11:26","slug":"inversion","status":"publish","type":"page","link":"https:\/\/spn.pe\/cursonefroperu\/index.php\/inversion\/","title":{"rendered":"Inversi\u00f3n"},"content":{"rendered":"\t\t<div data-elementor-type=\"wp-page\" data-elementor-id=\"4004\" class=\"elementor elementor-4004\" data-elementor-settings=\"[]\">\n\t\t\t\t\t\t\t<div class=\"elementor-section-wrap\">\n\t\t\t\t\t\t\t<section data-plugin-parallax=\"\" data-plugin-options=\"{&quot;speed&quot;: 1.5}\" class=\"elementor-section elementor-top-section elementor-element elementor-element-1d83ced elementor-section-full_width elementor-section-height-default elementor-section-height-default\" data-id=\"1d83ced\" data-element_type=\"section\" data-settings=\"{&quot;background_background&quot;:&quot;classic&quot;}\">\r\n\t\t\t\r\n\t\t\t\t\t\t\t\t\t<div class=\"elementor-container elementor-column-gap-no\">\r\n\t\t\t\t\t\t\t\t\t\t\t<div class=\"elementor-column elementor-col-100 elementor-top-column elementor-element elementor-element-cbe2cb9\" data-id=\"cbe2cb9\" data-element_type=\"column\" data-settings=\"{&quot;background_background&quot;:&quot;classic&quot;}\">\r\n\r\n\t\t\t\t\t<div class=\"elementor-widget-wrap elementor-element-populated\">\r\n\t\t\t\t\t\t\t\t<div class=\"elementor-element elementor-element-6dc58df elementor-invisible elementor-widget elementor-widget-heading\" data-id=\"6dc58df\" data-element_type=\"widget\" data-settings=\"{&quot;_animation&quot;:&quot;fadeIn&quot;}\" data-widget_type=\"heading.default\">\n\t\t\t\t<div class=\"elementor-widget-container\">\n\t\t\t<h2 class=\"elementor-heading-title elementor-size-default\">COSTOS DE INSCRIPCI\u00d3N<\/h2>\t\t<\/div>\n\t\t\t\t<\/div>\n\t\t\t\t\t<\/div>\r\n\t\t\t\t<\/div>\r\n\t\t\t\t\t\t<\/div>\r\n\t\t\t\t<\/section>\r\n\t\t\t\t<section class=\"elementor-section elementor-top-section elementor-element elementor-element-837d083 pt-5 p-b-xxl elementor-section-boxed elementor-section-height-default elementor-section-height-default\" data-id=\"837d083\" data-element_type=\"section\" data-settings=\"{&quot;background_background&quot;:&quot;classic&quot;}\">\r\n\t\t\t\r\n\t\t\t\t\t\t\t\t\t<div class=\"elementor-container elementor-column-gap-default\">\r\n\t\t\t\t\t\t\t\t\t\t\t<div class=\"elementor-column elementor-col-50 elementor-top-column elementor-element elementor-element-586462e elementor-invisible\" data-id=\"586462e\" data-element_type=\"column\" data-settings=\"{&quot;animation&quot;:&quot;fadeInLeft&quot;,&quot;animation_delay&quot;:&quot;300&quot;}\">\r\n\r\n\t\t\t\t\t<div class=\"elementor-widget-wrap elementor-element-populated\">\r\n\t\t\t\t\t\t\t\t<div class=\"elementor-element elementor-element-53420e9 elementor-widget elementor-widget-text-editor\" data-id=\"53420e9\" data-element_type=\"widget\" data-widget_type=\"text-editor.default\">\n\t\t\t\t<div class=\"elementor-widget-container\">\n\t\t\t\t\t\t\t<p><span style=\"color: #00ffff; font-size: 18px;\"><b>\u00a1<\/b><\/span><span style=\"color: #00ffff;\"><span style=\"font-size: 18px;\"><b>Inscripciones abiertas a partir del 01 de julio<\/b><\/span><\/span><span style=\"color: #00ffff; font-size: 18px;\"><b>!<\/b><\/span><br \/><span style=\"color: #00ffff;\"><span style=\"font-size: 18px;\"><b>Aprovecha el costo de la inscripci\u00f3n anticipada vigente hasta el 15 de agosto.<\/b><\/span><\/span><\/p>\t\t\t\t\t\t<\/div>\n\t\t\t\t<\/div>\n\t\t\t\t<div class=\"elementor-element elementor-element-ccd1ed3 elementor-widget elementor-widget-text-editor\" data-id=\"ccd1ed3\" data-element_type=\"widget\" data-widget_type=\"text-editor.default\">\n\t\t\t\t<div class=\"elementor-widget-container\">\n\t\t\t\t\t\t\t<p><strong><span style=\"color: #ffffff; font-size: 20px;\">Costos de Inscripci\u00f3n:<\/span><\/strong><\/p>\t\t\t\t\t\t<\/div>\n\t\t\t\t<\/div>\n\t\t\t\t<div class=\"elementor-element elementor-element-d0a5307 elementor-widget elementor-widget-html\" data-id=\"d0a5307\" data-element_type=\"widget\" data-widget_type=\"html.default\">\n\t\t\t\t<div class=\"elementor-widget-container\">\n\t\t\t<table style=\"border: thin solid #c2c2c2; border-collapse: collapse; width: 100%;\">\n<tbody>\n  <tr style=\"border: thin solid #c2c2c2; background-color:#ffffff\">\n    <td style=\"border:thin solid #c2c2c2\"><strong> Categor\u00edas <\/strong><\/td>\n    <td style=\"border: thin solid #c2c2c2; text-align:center\"><strong> Hasta 15.08.26 <\/strong><\/td>\n    <td style=\"border: thin solid #c2c2c2; text-align:center\"><strong> Despu\u00e9s 15.08.26 <\/strong><\/td>\n  <\/tr>\n  <tr style=\"border: thin solid #c2c2c2; background-color: #ffffff\">\n    <td style=\"border: thin solid #c2c2c2\">M\u00e9dicos Miembros de la SPN<\/td>\n    <td style=\"border: thin solid #c2c2c2; text-align:center\"><\/td>\n    <td style=\"border: thin solid #c2c2c2; text-align:center\"><\/td>\n  <\/tr>\n  <tr style=\"border: thin solid #c2c2c2; background-color:#ffffff\">\n    <td style=\"border: thin solid #c2c2c2\">M\u00e9dicos no Socios<\/td>\n    <td style=\"border: thin solid #c2c2c2; text-align:center\"><\/td>\n    <td style=\"border: thin solid #c2c2c2; text-align:center\"><\/td>\n  <\/tr>\n  <tr style=\"border: thin solid #c2c2c2; background-color: #ffffff\">\n    <td style=\"border: thin solid #c2c2c2\">Residentes (Miembros adscritos)<\/td>\n    <td style=\"border: thin solid #c2c2c2; text-align:center\"><\/td>\n    <td style=\"border: thin solid #c2c2c2; text-align:center\"><\/td>\n  <\/tr>\n  <tr style=\"border: thin solid #c2c2c2; background-color:#ffffff\">\n    <td style=\"border: thin solid #c2c2c2\">Otros Profesionales de la Salud<\/td>\n    <td style=\"border: thin solid #c2c2c2; text-align:center\"><\/td>\n    <td style=\"border: thin solid #c2c2c2; text-align:center\"><\/td>\n  <\/tr>\n  <tr style=\"border: thin solid #c2c2c2; background-color: #ffffff\">\n    <td style=\"border: thin solid #c2c2c2\">Internos y T\u00e9cnicos de Enfermer\u00eda<\/td>\n    <td style=\"border: thin solid #c2c2c2; text-align:center\"><\/td>\n    <td style=\"border: thin solid #c2c2c2; text-align:center\"><\/td>\n  <\/tr>\n<\/tbody>\n<\/table>\n\t\t<br>\n<table style=\"border: thin solid #c2c2c2; border-collapse: collapse; width: 100%;\">\t\t\t\t\t\n <tbody style=\"display: none;>\n\t<tr style=\"border: thin solid #c2c2c2; background-color:#ddd\">\n    <td style=\"border: thin solid #c2c2c2\">Curso Pre Congreso Pocus aplicado a la Nefrolog\u00eda<br>\n    Para inscritos al congreso     : 50 soles<br>Para no inscritos al congreso: 120 soles<br>CTA CTE SOLES: 200 3000307228 - CCI 003 200 003000307228 34<\/td>\n  <\/tr>\n<\/tbody>\n<\/table>\t\t<\/div>\n\t\t\t\t<\/div>\n\t\t\t\t<div class=\"elementor-element elementor-element-7dbe913 elementor-widget elementor-widget-html\" data-id=\"7dbe913\" data-element_type=\"widget\" data-widget_type=\"html.default\">\n\t\t\t\t<div class=\"elementor-widget-container\">\n\t\t\t<table style=\"border: thin solid #c2c2c2; border-collapse: collapse; width: 100%;\">\t\t\t\t\t\r\n <tbody>\r\n\t<tr style=\"border: thin solid #c2c2c2; background-color:#ffffff\">\r\n    <td style=\"border: thin solid #c2c2c2\">La cuota de inscripci\u00f3n incluye el acceso a las conferencias, los simposios de la industria y la zona comercial, los materiales del evento, el certificado de asistencia.<br><strong>\r\n    El Curso Pocus Aplicado en Nefrolog\u00eda no est\u00e1 incluido en la cuota de inscripci\u00f3n al curso, se requiere inscripci\u00f3n aparte y su costo es USD 50.00<strong><\/td>\r\n\t<td style=\"border: thin solid #c2c2c2\"><\/td>\r\n  <\/tr>\r\n<\/tbody>\r\n<\/table>\r\n<br>\r\n\t\t\t\t\t\t\t\t\t\t\t\t\t\t\t \r\n<table style=\"border: thin solid #c2c2c2; border-collapse: collapse; width: 100%;\">\t\t\t\t\t\r\n <tbody>\r\n\t<tr style=\"border: thin solid #c2c2c2; background-color:#ddd\">\r\n    <td style=\"border: thin solid #c2c2c2\">Evento v\u00e1lido para la recertificaci\u00f3n m\u00e9dica.<\/td>\r\n  <\/tr>\r\n<\/tbody>\r\n<\/table>\t\t<\/div>\n\t\t\t\t<\/div>\n\t\t\t\t\t<\/div>\r\n\t\t\t\t<\/div>\r\n\t\t\t\t<div class=\"elementor-column elementor-col-50 elementor-top-column elementor-element elementor-element-245b8df elementor-invisible\" data-id=\"245b8df\" data-element_type=\"column\" data-settings=\"{&quot;animation&quot;:&quot;fadeInUp&quot;,&quot;animation_delay&quot;:&quot;500&quot;}\">\r\n\r\n\t\t\t\t\t<div class=\"elementor-widget-wrap elementor-element-populated\">\r\n\t\t\t\t\t\t\t\t<div class=\"elementor-element elementor-element-b35370d elementor-widget elementor-widget-porto_info_box\" data-id=\"b35370d\" data-element_type=\"widget\" data-widget_type=\"porto_info_box.default\">\n\t\t\t\t<div class=\"elementor-widget-container\">\n\t\t\t<div class=\"porto-sicon-box style_1 default-icon flex-wrap\"><div class=\"porto-sicon-description\" style=\"\" ><p><span style=\"color: #ffffff; font-size: 19px;\"><strong>Datos Bancarios:<\/strong><\/span><\/p><p><span style=\"color: #ccffff;\"><strong>Banco: INTERBANK<br \/>Beneficiario :<\/strong> ASOCIACI\u00d3N SOCIEDAD PERUANA DE NEFROLOGIA<br \/><strong>RUC<\/strong> 20208959001<br \/><\/span><\/p><p><span style=\"color: #ccffff;\"><strong>CTA. CTE. D\u00d3LARES:<\/strong> 292-3000675731 (Nro. para dep\u00f3sitos)<\/span><br \/><span style=\"color: #ccffff;\"><strong>CCI :<\/strong> 003-292-003000675731-01 (Nro. para transferencia)<\/span><\/p><p><span style=\"color: #ccffff;\"><strong>Transferencias del Exterior (D\u00f3lares):<\/strong><\/span><\/p><\/div> <!-- description --><\/div><!-- porto-sicon-box -->\t\t<\/div>\n\t\t\t\t<\/div>\n\t\t\t\t<div class=\"elementor-element elementor-element-6a50e60 elementor-widget elementor-widget-html\" data-id=\"6a50e60\" data-element_type=\"widget\" data-widget_type=\"html.default\">\n\t\t\t\t<div class=\"elementor-widget-container\">\n\t\t\t<table style=\"border: thin solid #c2c2c2; border-collapse: collapse; width: 100%;\">\t\t\t\t\t\r\n <tbody>\r\n\t<tr style=\"border: thin solid #c2c2c2; background-color:#ffffff\">\r\n    <td style=\"border: thin solid #c2c2c2\">N\u00famero de cuenta<\/td>\r\n\t<td style=\"border: thin solid #c2c2c2\">292-3000675731<\/td>\r\n  <\/tr>\r\n  \t<tr style=\"border: thin solid #c2c2c2; background-color:#ffffff\">\r\n    <td style=\"border: thin solid #c2c2c2\">C\u00f3digo SWIFT<\/td>\r\n\t<td style=\"border: thin solid #c2c2c2\">BINPPEPL<\/td>\r\n  <\/tr>\r\n    \t<tr style=\"border: thin solid #c2c2c2; background-color:#ffffff\">\r\n    <td style=\"border: thin solid #c2c2c2\">Banco del beneficiario<\/td>\r\n\t<td style=\"border: thin solid #c2c2c2\">Interbank<\/td>\r\n  <\/tr>\r\n      \t<tr style=\"border: thin solid #c2c2c2; background-color:#ffffff\">\r\n    <td style=\"border: thin solid #c2c2c2\">Direcci\u00f3n del banco<\/td>\r\n\t<td style=\"border: thin solid #c2c2c2\">Carlos Villar\u00e1n 140 \u2013 Lima 13. Per\u00fa<\/td>\r\n  <\/tr>\r\n    <tr style=\"border: thin solid #c2c2c2; background-color:#ffffff\">\r\n    <td style=\"border: thin solid #c2c2c2\">Beneficiarioo<\/td>\r\n\t<td style=\"border: thin solid #c2c2c2\">\tAsoc. Sociedad Peruana de Nefrolog\u00eda<\/td>\r\n  <\/tr>\r\n<\/tbody>\r\n<\/table>\t\t<\/div>\n\t\t\t\t<\/div>\n\t\t\t\t<div class=\"elementor-element elementor-element-656cf03 elementor-widget elementor-widget-porto_info_box\" data-id=\"656cf03\" data-element_type=\"widget\" data-widget_type=\"porto_info_box.default\">\n\t\t\t\t<div class=\"elementor-widget-container\">\n\t\t\t<div class=\"porto-sicon-box style_1 default-icon flex-wrap\"><div class=\"porto-sicon-description\" style=\"\" ><p><span style=\"color: #ccffff;\"><strong>Todos los gastos de transferencia deben ser por cuenta del ordenante.<\/strong><\/span><\/p><\/div> <!-- description --><\/div><!-- porto-sicon-box -->\t\t<\/div>\n\t\t\t\t<\/div>\n\t\t\t\t\t<\/div>\r\n\t\t\t\t<\/div>\r\n\t\t\t\t\t\t<\/div>\r\n\t\t\t\t<\/section>\r\n\t\t\t\t<section class=\"elementor-section elementor-top-section elementor-element elementor-element-4069d48 pt-5 p-b-xxl elementor-section-boxed elementor-section-height-default elementor-section-height-default\" data-id=\"4069d48\" data-element_type=\"section\" data-settings=\"{&quot;background_background&quot;:&quot;classic&quot;}\">\r\n\t\t\t\r\n\t\t\t\t\t\t\t\t\t<div class=\"elementor-container elementor-column-gap-default\">\r\n\t\t\t\t\t\t\t\t\t\t\t<div class=\"elementor-column elementor-col-100 elementor-top-column elementor-element elementor-element-15560df elementor-invisible\" data-id=\"15560df\" data-element_type=\"column\" data-settings=\"{&quot;animation&quot;:&quot;fadeInLeft&quot;,&quot;animation_delay&quot;:&quot;300&quot;,&quot;background_background&quot;:&quot;classic&quot;}\">\r\n\r\n\t\t\t\t\t<div class=\"elementor-widget-wrap elementor-element-populated\">\r\n\t\t\t\t\t\t\t\t<div class=\"elementor-element elementor-element-8f5f43b elementor-widget elementor-widget-porto_info_box\" data-id=\"8f5f43b\" data-element_type=\"widget\" data-widget_type=\"porto_info_box.default\">\n\t\t\t\t<div class=\"elementor-widget-container\">\n\t\t\t<div class=\"porto-sicon-box style_1 default-icon flex-wrap\"><div class=\"porto-sicon-description\" style=\"\" ><p style=\"text-align: center;\"><span style=\"color: #ffffff; font-size: 23px;\">PROCESO DE INSCRIPCI\u00d3N<\/span><\/p><\/div> <!-- description --><\/div><!-- porto-sicon-box -->\t\t<\/div>\n\t\t\t\t<\/div>\n\t\t\t\t<div class=\"elementor-element elementor-element-5225aeb elementor-widget elementor-widget-text-editor\" data-id=\"5225aeb\" data-element_type=\"widget\" data-widget_type=\"text-editor.default\">\n\t\t\t\t<div class=\"elementor-widget-container\">\n\t\t\t\t\t\t\t<p style=\"padding-left: 40px;\"><span style=\"color: #ffffff;\"><strong>Pasos para la inscripci\u00f3n:<\/strong><br \/>1. Realice el dep\u00f3sito o transferencia en la cuenta de la SPN.<br \/>2. Env\u00ede el comprobante de pago, junto con sus datos al correo electr\u00f3nico de la SPN.<br \/>Datos solicitados: nombre completo, profesi\u00f3n, celular y correo electr\u00f3nico.<br \/>3. Recibir\u00e1 un correo confirmando tu inscripci\u00f3n.<br \/><\/span><\/p><p style=\"padding-left: 40px;\"><strong style=\"color: #ffffff;\">Recomendaciones:<br \/><\/strong><span style=\"color: #ffffff;\">1. Revisa bien tus datos antes de enviarlos porque estos mismos datos ser\u00e1n usados\u00a0 para generar tu certificado de asistencia.<\/span><br \/><span style=\"color: #ffffff;\">2. En caso detectemos alguna irregularidad en tu inscripci\u00f3n, se proceder\u00e1 a bloquear y solicitar un documento para validar tu registro.<\/span><\/p><p style=\"padding-left: 40px;\"><span style=\"color: #ffffff;\"><strong>Informes:<\/strong><\/span><br \/><span style=\"color: #ffffff;\">sociedadperuananefrologia@yahoo.es<br \/>957682524 (WhatsApp)<\/span><\/p>\t\t\t\t\t\t<\/div>\n\t\t\t\t<\/div>\n\t\t\t\t\t<\/div>\r\n\t\t\t\t<\/div>\r\n\t\t\t\t\t\t<\/div>\r\n\t\t\t\t<\/section>\r\n\t\t\t\t<section data-plugin-parallax=\"\" data-plugin-options=\"{&quot;speed&quot;: 1.5}\" class=\"elementor-section elementor-top-section elementor-element elementor-element-453447c elementor-section-full_width elementor-section-height-default elementor-section-height-default\" data-id=\"453447c\" data-element_type=\"section\" data-settings=\"{&quot;background_background&quot;:&quot;classic&quot;}\">\r\n\t\t\t\r\n\t\t\t\t\t\t\t\t\t<div class=\"elementor-container elementor-column-gap-no\">\r\n\t\t\t\t\t\t\t\t\t\t\t<div class=\"elementor-column elementor-col-100 elementor-top-column elementor-element elementor-element-2e1750c\" data-id=\"2e1750c\" data-element_type=\"column\" data-settings=\"{&quot;background_background&quot;:&quot;classic&quot;}\">\r\n\r\n\t\t\t\t\t<div class=\"elementor-widget-wrap elementor-element-populated\">\r\n\t\t\t\t\t\t\t\t\t<\/div>\r\n\t\t\t\t<\/div>\r\n\t\t\t\t\t\t<\/div>\r\n\t\t\t\t<\/section>\r\n\t\t\t\t\t\t<\/div>\n\t\t\t\t\t<\/div>\n\t\t","protected":false},"excerpt":{"rendered":"<p>COSTOS DE INSCRIPCI\u00d3N \u00a1Inscripciones abiertas a partir del 01 de julio!Aprovecha el costo de la inscripci\u00f3n anticipada vigente hasta el 15 de agosto. Costos de Inscripci\u00f3n: Categor\u00edas Hasta 15.08.26 Despu\u00e9s 15.08.26 M\u00e9dicos Miembros de la SPN M\u00e9dicos no Socios Residentes (Miembros adscritos) Otros Profesionales de la Salud Internos y T\u00e9cnicos de Enfermer\u00eda<\/p>\n","protected":false},"author":1,"featured_media":0,"parent":0,"menu_order":0,"comment_status":"closed","ping_status":"closed","template":"","meta":{"footnotes":""},"class_list":["post-4004","page","type-page","status-publish","hentry"],"_links":{"self":[{"href":"https:\/\/spn.pe\/cursonefroperu\/index.php\/wp-json\/wp\/v2\/pages\/4004","targetHints":{"allow":["GET"]}}],"collection":[{"href":"https:\/\/spn.pe\/cursonefroperu\/index.php\/wp-json\/wp\/v2\/pages"}],"about":[{"href":"https:\/\/spn.pe\/cursonefroperu\/index.php\/wp-json\/wp\/v2\/types\/page"}],"author":[{"embeddable":true,"href":"https:\/\/spn.pe\/cursonefroperu\/index.php\/wp-json\/wp\/v2\/users\/1"}],"replies":[{"embeddable":true,"href":"https:\/\/spn.pe\/cursonefroperu\/index.php\/wp-json\/wp\/v2\/comments?post=4004"}],"version-history":[{"count":232,"href":"https:\/\/spn.pe\/cursonefroperu\/index.php\/wp-json\/wp\/v2\/pages\/4004\/revisions"}],"predecessor-version":[{"id":6024,"href":"https:\/\/spn.pe\/cursonefroperu\/index.php\/wp-json\/wp\/v2\/pages\/4004\/revisions\/6024"}],"wp:attachment":[{"href":"https:\/\/spn.pe\/cursonefroperu\/index.php\/wp-json\/wp\/v2\/media?parent=4004"}],"curies":[{"name":"wp","href":"https:\/\/api.w.org\/{rel}","templated":true}]}}